{"id":10,"date":"2024-03-14T14:32:03","date_gmt":"2024-03-14T17:32:03","guid":{"rendered":"https:\/\/rtmplastic.com.br\/?page_id=10"},"modified":"2024-04-01T13:18:15","modified_gmt":"2024-04-01T16:18:15","slug":"elementor-10","status":"publish","type":"page","link":"https:\/\/rtmplastic.com.br\/","title":{"rendered":"Home"},"content":{"rendered":"\t\t<div data-elementor-type=\"wp-post\" data-elementor-id=\"10\" class=\"elementor elementor-10\">\n\t\t\t\t<div class=\"elementor-element elementor-element-2247d485 e-flex e-con-boxed e-con e-parent\" data-id=\"2247d485\" data-element_type=\"container\" data-e-type=\"container\" id=\"quemsomos\" data-settings=\"{&quot;background_background&quot;:&quot;classic&quot;}\">\n\t\t\t\t\t<div class=\"e-con-inner\">\n\t\t<div class=\"elementor-element elementor-element-5f013f6 e-flex e-con-boxed e-con e-child\" data-id=\"5f013f6\" data-element_type=\"container\" data-e-type=\"container\">\n\t\t\t\t\t<div class=\"e-con-inner\">\n\t\t\t\t<div class=\"elementor-element elementor-element-ede1482 elementor-widget elementor-widget-heading\" data-id=\"ede1482\" data-element_type=\"widget\" data-e-type=\"widget\" data-widget_type=\"heading.default\">\n\t\t\t\t<div class=\"elementor-widget-container\">\n\t\t\t\t\t<h2 class=\"elementor-heading-title elementor-size-default\">Bem-vindo a RTM Plastic<\/h2>\t\t\t\t<\/div>\n\t\t\t\t<\/div>\n\t\t\t\t<div class=\"elementor-element elementor-element-4b8213e elementor-widget elementor-widget-text-editor\" data-id=\"4b8213e\" data-element_type=\"widget\" data-e-type=\"widget\" data-widget_type=\"text-editor.default\">\n\t\t\t\t<div class=\"elementor-widget-container\">\n\t\t\t\t\t\t\t\t\t<p>Aqui voc\u00ea compra no atacado direto do fabricante!<\/p><p>Entre em contato para conferir as condi\u00e7\u00f5es comerciais.<\/p><p><!-- notionvc: ccf075f7-e0b8-4123-b463-7e012dfce476 --><\/p><p><!-- notionvc: 52df127f-ba22-400f-ae15-b22b42a015c0 --><\/p>\t\t\t\t\t\t\t\t<\/div>\n\t\t\t\t<\/div>\n\t\t\t\t\t<\/div>\n\t\t\t\t<\/div>\n\t\t\t\t\t<\/div>\n\t\t\t\t<\/div>\n\t\t<div class=\"elementor-element elementor-element-f2d1126 e-flex e-con-boxed e-con e-parent\" data-id=\"f2d1126\" data-element_type=\"container\" data-e-type=\"container\">\n\t\t\t\t\t<div class=\"e-con-inner\">\n\t\t<div class=\"elementor-element elementor-element-6db41ef e-con-full e-flex e-con e-child\" data-id=\"6db41ef\" data-element_type=\"container\" data-e-type=\"container\" data-settings=\"{&quot;background_background&quot;:&quot;classic&quot;}\">\n\t\t<div class=\"elementor-element elementor-element-9a82de2 e-flex e-con-boxed e-con e-child\" data-id=\"9a82de2\" data-element_type=\"container\" data-e-type=\"container\">\n\t\t\t\t\t<div class=\"e-con-inner\">\n\t\t<div class=\"elementor-element elementor-element-e19cb82 e-con-full e-flex e-con e-child\" data-id=\"e19cb82\" data-element_type=\"container\" data-e-type=\"container\">\n\t\t\t\t<div class=\"elementor-element elementor-element-2568cc4 elementor-widget elementor-widget-heading\" data-id=\"2568cc4\" data-element_type=\"widget\" data-e-type=\"widget\" data-widget_type=\"heading.default\">\n\t\t\t\t<div class=\"elementor-widget-container\">\n\t\t\t\t\t<h2 class=\"elementor-heading-title elementor-size-default\">Nossos Produtos\n<\/h2>\t\t\t\t<\/div>\n\t\t\t\t<\/div>\n\t\t\t\t<div class=\"elementor-element elementor-element-627a45d elementor-widget elementor-widget-text-editor\" data-id=\"627a45d\" data-element_type=\"widget\" data-e-type=\"widget\" data-widget_type=\"text-editor.default\">\n\t\t\t\t<div class=\"elementor-widget-container\">\n\t\t\t\t\t\t\t\t\t<p>Encontre as melhores solu\u00e7\u00f5es em pe\u00e7as de pl\u00e1stico injetadas \u2013 Engates r\u00e1pidos, castelinhos, passadores e meia-argolas.<\/p><p><!-- notionvc: ccf075f7-e0b8-4123-b463-7e012dfce476 --><\/p><p><!-- notionvc: 52df127f-ba22-400f-ae15-b22b42a015c0 --><\/p>\t\t\t\t\t\t\t\t<\/div>\n\t\t\t\t<\/div>\n\t\t\t\t<div class=\"elementor-element elementor-element-bce4e91 elementor-align-center elementor-widget elementor-widget-button\" data-id=\"bce4e91\" data-element_type=\"widget\" data-e-type=\"widget\" data-widget_type=\"button.default\">\n\t\t\t\t<div class=\"elementor-widget-container\">\n\t\t\t\t\t\t\t\t\t<div class=\"elementor-button-wrapper\">\n\t\t\t\t\t<a class=\"elementor-button elementor-button-link elementor-size-sm\" href=\"https:\/\/rtmplastic.com.br\/?page_id=300\">\n\t\t\t\t\t\t<span class=\"elementor-button-content-wrapper\">\n\t\t\t\t\t\t\t\t\t<span class=\"elementor-button-text\">Produtos<\/span>\n\t\t\t\t\t<\/span>\n\t\t\t\t\t<\/a>\n\t\t\t\t<\/div>\n\t\t\t\t\t\t\t\t<\/div>\n\t\t\t\t<\/div>\n\t\t\t\t<\/div>\n\t\t\t\t\t<\/div>\n\t\t\t\t<\/div>\n\t\t\t\t<\/div>\n\t\t\t\t\t<\/div>\n\t\t\t\t<\/div>\n\t\t<div class=\"elementor-element elementor-element-8160644 e-flex e-con-boxed e-con e-parent\" data-id=\"8160644\" data-element_type=\"container\" data-e-type=\"container\" data-settings=\"{&quot;background_background&quot;:&quot;classic&quot;}\">\n\t\t\t\t\t<div class=\"e-con-inner\">\n\t\t<div class=\"elementor-element elementor-element-c0bed23 e-flex e-con-boxed e-con e-child\" data-id=\"c0bed23\" data-element_type=\"container\" data-e-type=\"container\">\n\t\t\t\t\t<div class=\"e-con-inner\">\n\t\t\t\t<div class=\"elementor-element elementor-element-f1271cd elementor-widget__width-inherit elementor-widget elementor-widget-heading\" data-id=\"f1271cd\" data-element_type=\"widget\" data-e-type=\"widget\" data-widget_type=\"heading.default\">\n\t\t\t\t<div class=\"elementor-widget-container\">\n\t\t\t\t\t<h2 class=\"elementor-heading-title elementor-size-default\">Aplica\u00e7\u00f5es<\/h2>\t\t\t\t<\/div>\n\t\t\t\t<\/div>\n\t\t\t\t<div class=\"elementor-element elementor-element-d99929d elementor-widget__width-initial elementor-arrows-position-inside elementor-pagination-position-outside elementor-widget elementor-widget-image-carousel\" data-id=\"d99929d\" data-element_type=\"widget\" data-e-type=\"widget\" data-settings=\"{&quot;slides_to_show&quot;:&quot;1&quot;,&quot;navigation&quot;:&quot;both&quot;,&quot;autoplay&quot;:&quot;yes&quot;,&quot;pause_on_hover&quot;:&quot;yes&quot;,&quot;pause_on_interaction&quot;:&quot;yes&quot;,&quot;autoplay_speed&quot;:5000,&quot;infinite&quot;:&quot;yes&quot;,&quot;effect&quot;:&quot;slide&quot;,&quot;speed&quot;:500}\" data-widget_type=\"image-carousel.default\">\n\t\t\t\t<div class=\"elementor-widget-container\">\n\t\t\t\t\t\t\t<div class=\"elementor-image-carousel-wrapper swiper\" role=\"region\" aria-roledescription=\"carousel\" aria-label=\"Carrossel de imagens\" dir=\"ltr\">\n\t\t\t<div class=\"elementor-image-carousel swiper-wrapper\" aria-live=\"off\">\n\t\t\t\t\t\t\t\t<div class=\"swiper-slide\" role=\"group\" aria-roledescription=\"slide\" aria-label=\"1 de 5\"><figure class=\"swiper-slide-inner\"><img decoding=\"async\" class=\"swiper-slide-image\" src=\"https:\/\/rtmplastic.com.br\/wp-content\/uploads\/2024\/03\/Imagem-do-WhatsApp-de-2024-03-28-as-11.42.04_542ad9e3-1-768x615.jpg\" alt=\"Imagem do WhatsApp de 2024-03-28 \u00e0(s) 11.42.04_542ad9e3\" \/><\/figure><\/div><div class=\"swiper-slide\" role=\"group\" aria-roledescription=\"slide\" aria-label=\"2 de 5\"><figure class=\"swiper-slide-inner\"><img decoding=\"async\" class=\"swiper-slide-image\" src=\"https:\/\/rtmplastic.com.br\/wp-content\/uploads\/2024\/03\/Imagem-do-WhatsApp-de-2024-03-28-as-11.36.51_ac0523d5-1-768x614.jpg\" alt=\"Imagem do WhatsApp de 2024-03-28 \u00e0(s) 11.36.51_ac0523d5\" \/><\/figure><\/div><div class=\"swiper-slide\" role=\"group\" aria-roledescription=\"slide\" aria-label=\"3 de 5\"><figure class=\"swiper-slide-inner\"><img decoding=\"async\" class=\"swiper-slide-image\" src=\"https:\/\/rtmplastic.com.br\/wp-content\/uploads\/2024\/04\/Imagem-do-WhatsApp-de-2024-04-01-as-10.56.31_d51fff24-1-768x707.jpg\" alt=\"Imagem do WhatsApp de 2024-04-01 \u00e0(s) 10.56.31_d51fff24\" \/><\/figure><\/div><div class=\"swiper-slide\" role=\"group\" aria-roledescription=\"slide\" aria-label=\"4 de 5\"><figure class=\"swiper-slide-inner\"><img decoding=\"async\" class=\"swiper-slide-image\" src=\"https:\/\/rtmplastic.com.br\/wp-content\/uploads\/2024\/03\/Imagem-do-WhatsApp-de-2024-03-28-as-11.42.04_6b15b205-1-768x614.jpg\" alt=\"Imagem do WhatsApp de 2024-03-28 \u00e0(s) 11.42.04_6b15b205\" \/><\/figure><\/div><div class=\"swiper-slide\" role=\"group\" aria-roledescription=\"slide\" aria-label=\"5 de 5\"><figure class=\"swiper-slide-inner\"><img decoding=\"async\" class=\"swiper-slide-image\" src=\"https:\/\/rtmplastic.com.br\/wp-content\/uploads\/2024\/04\/Imagem-do-WhatsApp-de-2024-04-01-as-10.56.31_bb132bf4-1-768x591.jpg\" alt=\"Imagem do WhatsApp de 2024-04-01 \u00e0(s) 10.56.31_bb132bf4\" \/><\/figure><\/div>\t\t\t<\/div>\n\t\t\t\t\t\t\t\t\t\t\t\t<div class=\"elementor-swiper-button elementor-swiper-button-prev\" role=\"button\" tabindex=\"0\">\n\t\t\t\t\t\t<svg aria-hidden=\"true\" class=\"e-font-icon-svg e-eicon-chevron-left\" viewBox=\"0 0 1000 1000\" xmlns=\"http:\/\/www.w3.org\/2000\/svg\"><path d=\"M646 125C629 125 613 133 604 142L308 442C296 454 292 471 292 487 292 504 296 521 308 533L604 854C617 867 629 875 646 875 663 875 679 871 692 858 704 846 713 829 713 812 713 796 708 779 692 767L438 487 692 225C700 217 708 204 708 187 708 171 704 154 692 142 675 129 663 125 646 125Z\"><\/path><\/svg>\t\t\t\t\t<\/div>\n\t\t\t\t\t<div class=\"elementor-swiper-button elementor-swiper-button-next\" role=\"button\" tabindex=\"0\">\n\t\t\t\t\t\t<svg aria-hidden=\"true\" class=\"e-font-icon-svg e-eicon-chevron-right\" viewBox=\"0 0 1000 1000\" xmlns=\"http:\/\/www.w3.org\/2000\/svg\"><path d=\"M696 533C708 521 713 504 713 487 713 471 708 454 696 446L400 146C388 133 375 125 354 125 338 125 325 129 313 142 300 154 292 171 292 187 292 204 296 221 308 233L563 492 304 771C292 783 288 800 288 817 288 833 296 850 308 863 321 871 338 875 354 875 371 875 388 867 400 854L696 533Z\"><\/path><\/svg>\t\t\t\t\t<\/div>\n\t\t\t\t\n\t\t\t\t\t\t\t\t\t<div class=\"swiper-pagination\"><\/div>\n\t\t\t\t\t\t\t\t\t<\/div>\n\t\t\t\t\t\t<\/div>\n\t\t\t\t<\/div>\n\t\t\t\t\t<\/div>\n\t\t\t\t<\/div>\n\t\t\t\t\t<\/div>\n\t\t\t\t<\/div>\n\t\t\t\t<\/div>\n\t\t","protected":false},"excerpt":{"rendered":"<p>Bem-vindo a RTM Plastic Aqui voc\u00ea compra no atacado direto do fabricante! Entre em contato para conferir as condi\u00e7\u00f5es comerciais. Nossos Produtos Encontre as melhores solu\u00e7\u00f5es em pe\u00e7as de pl\u00e1stico injetadas \u2013 Engates r\u00e1pidos, castelinhos, passadores e meia-argolas. Produtos Aplica\u00e7\u00f5es<\/p>\n","protected":false},"author":1,"featured_media":0,"parent":0,"menu_order":0,"comment_status":"closed","ping_status":"closed","template":"elementor_header_footer","meta":{"footnotes":""},"class_list":["post-10","page","type-page","status-publish","hentry"],"yoast_head":"<!-- This site is optimized with the Yoast SEO plugin v27.1.1 - https:\/\/yoast.com\/product\/yoast-seo-wordpress\/ -->\n<title>Home - RTM Plastic<\/title>\n<meta name=\"description\" content=\"Fornecedor l\u00edder de pe\u00e7as de pl\u00e1stico injetadas personalizadas para todas as necessidades. Pe\u00e7as de pl\u00e1stico para mochilas. Engate r\u00e1pido de pl\u00e1stico. Passador de pl\u00e1stico. Meia argola de pl\u00e1stico. Castelinho de pl\u00e1stico.\" \/>\n<meta name=\"robots\" content=\"index, follow, max-snippet:-1, max-image-preview:large, max-video-preview:-1\" \/>\n<link rel=\"canonical\" href=\"https:\/\/rtmplastic.com.br\/\" \/>\n<meta property=\"og:locale\" content=\"pt_BR\" \/>\n<meta property=\"og:type\" content=\"article\" \/>\n<meta property=\"og:title\" content=\"Home - RTM Plastic\" \/>\n<meta property=\"og:description\" content=\"Fornecedor l\u00edder de pe\u00e7as de pl\u00e1stico injetadas personalizadas para todas as necessidades. Pe\u00e7as de pl\u00e1stico para mochilas. Engate r\u00e1pido de pl\u00e1stico. Passador de pl\u00e1stico. Meia argola de pl\u00e1stico. Castelinho de pl\u00e1stico.\" \/>\n<meta property=\"og:url\" content=\"https:\/\/rtmplastic.com.br\/\" \/>\n<meta property=\"og:site_name\" content=\"RTM Plastic\" \/>\n<meta property=\"article:modified_time\" content=\"2024-04-01T16:18:15+00:00\" \/>\n<meta property=\"og:image\" content=\"https:\/\/rtmplastic.com.br\/wp-content\/uploads\/2024\/03\/Imagem-do-WhatsApp-de-2024-03-28-as-11.42.04_542ad9e3-1-768x615.jpg\" \/>\n<meta name=\"twitter:card\" content=\"summary_large_image\" \/>\n<meta name=\"twitter:label1\" content=\"Est. tempo de leitura\" \/>\n\t<meta name=\"twitter:data1\" content=\"2 minutos\" \/>\n<script type=\"application\/ld+json\" class=\"yoast-schema-graph\">{\"@context\":\"https:\/\/schema.org\",\"@graph\":[{\"@type\":\"WebPage\",\"@id\":\"https:\/\/rtmplastic.com.br\/\",\"url\":\"https:\/\/rtmplastic.com.br\/\",\"name\":\"Home - RTM Plastic\",\"isPartOf\":{\"@id\":\"https:\/\/rtmplastic.com.br\/#website\"},\"primaryImageOfPage\":{\"@id\":\"https:\/\/rtmplastic.com.br\/#primaryimage\"},\"image\":{\"@id\":\"https:\/\/rtmplastic.com.br\/#primaryimage\"},\"thumbnailUrl\":\"https:\/\/rtmplastic.com.br\/wp-content\/uploads\/2024\/03\/Imagem-do-WhatsApp-de-2024-03-28-as-11.42.04_542ad9e3-1-768x615.jpg\",\"datePublished\":\"2024-03-14T17:32:03+00:00\",\"dateModified\":\"2024-04-01T16:18:15+00:00\",\"description\":\"Fornecedor l\u00edder de pe\u00e7as de pl\u00e1stico injetadas personalizadas para todas as necessidades. Pe\u00e7as de pl\u00e1stico para mochilas. Engate r\u00e1pido de pl\u00e1stico. Passador de pl\u00e1stico. Meia argola de pl\u00e1stico. Castelinho de pl\u00e1stico.\",\"breadcrumb\":{\"@id\":\"https:\/\/rtmplastic.com.br\/#breadcrumb\"},\"inLanguage\":\"pt-BR\",\"potentialAction\":[{\"@type\":\"ReadAction\",\"target\":[\"https:\/\/rtmplastic.com.br\/\"]}]},{\"@type\":\"ImageObject\",\"inLanguage\":\"pt-BR\",\"@id\":\"https:\/\/rtmplastic.com.br\/#primaryimage\",\"url\":\"https:\/\/rtmplastic.com.br\/wp-content\/uploads\/2024\/03\/Imagem-do-WhatsApp-de-2024-03-28-as-11.42.04_542ad9e3-1.jpg\",\"contentUrl\":\"https:\/\/rtmplastic.com.br\/wp-content\/uploads\/2024\/03\/Imagem-do-WhatsApp-de-2024-03-28-as-11.42.04_542ad9e3-1.jpg\",\"width\":1291,\"height\":1033},{\"@type\":\"BreadcrumbList\",\"@id\":\"https:\/\/rtmplastic.com.br\/#breadcrumb\",\"itemListElement\":[{\"@type\":\"ListItem\",\"position\":1,\"name\":\"In\u00edcio\",\"item\":\"https:\/\/rtmplastic.com.br\/\"},{\"@type\":\"ListItem\",\"position\":2,\"name\":\"Home\"}]},{\"@type\":\"WebSite\",\"@id\":\"https:\/\/rtmplastic.com.br\/#website\",\"url\":\"https:\/\/rtmplastic.com.br\/\",\"name\":\"RTM Plastic\",\"description\":\"\",\"publisher\":{\"@id\":\"https:\/\/rtmplastic.com.br\/#organization\"},\"potentialAction\":[{\"@type\":\"SearchAction\",\"target\":{\"@type\":\"EntryPoint\",\"urlTemplate\":\"https:\/\/rtmplastic.com.br\/?s={search_term_string}\"},\"query-input\":{\"@type\":\"PropertyValueSpecification\",\"valueRequired\":true,\"valueName\":\"search_term_string\"}}],\"inLanguage\":\"pt-BR\"},{\"@type\":\"Organization\",\"@id\":\"https:\/\/rtmplastic.com.br\/#organization\",\"name\":\"RTM Plastic\",\"url\":\"https:\/\/rtmplastic.com.br\/\",\"logo\":{\"@type\":\"ImageObject\",\"inLanguage\":\"pt-BR\",\"@id\":\"https:\/\/rtmplastic.com.br\/#\/schema\/logo\/image\/\",\"url\":\"https:\/\/rtmplastic.com.br\/wp-content\/uploads\/2024\/03\/cropped-LOGOS-7.png\",\"contentUrl\":\"https:\/\/rtmplastic.com.br\/wp-content\/uploads\/2024\/03\/cropped-LOGOS-7.png\",\"width\":1080,\"height\":309,\"caption\":\"RTM Plastic\"},\"image\":{\"@id\":\"https:\/\/rtmplastic.com.br\/#\/schema\/logo\/image\/\"}}]}<\/script>\n<!-- \/ Yoast SEO plugin. -->","yoast_head_json":{"title":"Home - RTM Plastic","description":"Fornecedor l\u00edder de pe\u00e7as de pl\u00e1stico injetadas personalizadas para todas as necessidades. Pe\u00e7as de pl\u00e1stico para mochilas. Engate r\u00e1pido de pl\u00e1stico. Passador de pl\u00e1stico. Meia argola de pl\u00e1stico. Castelinho de pl\u00e1stico.","robots":{"index":"index","follow":"follow","max-snippet":"max-snippet:-1","max-image-preview":"max-image-preview:large","max-video-preview":"max-video-preview:-1"},"canonical":"https:\/\/rtmplastic.com.br\/","og_locale":"pt_BR","og_type":"article","og_title":"Home - RTM Plastic","og_description":"Fornecedor l\u00edder de pe\u00e7as de pl\u00e1stico injetadas personalizadas para todas as necessidades. Pe\u00e7as de pl\u00e1stico para mochilas. Engate r\u00e1pido de pl\u00e1stico. Passador de pl\u00e1stico. Meia argola de pl\u00e1stico. Castelinho de pl\u00e1stico.","og_url":"https:\/\/rtmplastic.com.br\/","og_site_name":"RTM Plastic","article_modified_time":"2024-04-01T16:18:15+00:00","og_image":[{"url":"https:\/\/rtmplastic.com.br\/wp-content\/uploads\/2024\/03\/Imagem-do-WhatsApp-de-2024-03-28-as-11.42.04_542ad9e3-1-768x615.jpg","type":"","width":"","height":""}],"twitter_card":"summary_large_image","twitter_misc":{"Est. tempo de leitura":"2 minutos"},"schema":{"@context":"https:\/\/schema.org","@graph":[{"@type":"WebPage","@id":"https:\/\/rtmplastic.com.br\/","url":"https:\/\/rtmplastic.com.br\/","name":"Home - RTM Plastic","isPartOf":{"@id":"https:\/\/rtmplastic.com.br\/#website"},"primaryImageOfPage":{"@id":"https:\/\/rtmplastic.com.br\/#primaryimage"},"image":{"@id":"https:\/\/rtmplastic.com.br\/#primaryimage"},"thumbnailUrl":"https:\/\/rtmplastic.com.br\/wp-content\/uploads\/2024\/03\/Imagem-do-WhatsApp-de-2024-03-28-as-11.42.04_542ad9e3-1-768x615.jpg","datePublished":"2024-03-14T17:32:03+00:00","dateModified":"2024-04-01T16:18:15+00:00","description":"Fornecedor l\u00edder de pe\u00e7as de pl\u00e1stico injetadas personalizadas para todas as necessidades. Pe\u00e7as de pl\u00e1stico para mochilas. Engate r\u00e1pido de pl\u00e1stico. Passador de pl\u00e1stico. Meia argola de pl\u00e1stico. Castelinho de pl\u00e1stico.","breadcrumb":{"@id":"https:\/\/rtmplastic.com.br\/#breadcrumb"},"inLanguage":"pt-BR","potentialAction":[{"@type":"ReadAction","target":["https:\/\/rtmplastic.com.br\/"]}]},{"@type":"ImageObject","inLanguage":"pt-BR","@id":"https:\/\/rtmplastic.com.br\/#primaryimage","url":"https:\/\/rtmplastic.com.br\/wp-content\/uploads\/2024\/03\/Imagem-do-WhatsApp-de-2024-03-28-as-11.42.04_542ad9e3-1.jpg","contentUrl":"https:\/\/rtmplastic.com.br\/wp-content\/uploads\/2024\/03\/Imagem-do-WhatsApp-de-2024-03-28-as-11.42.04_542ad9e3-1.jpg","width":1291,"height":1033},{"@type":"BreadcrumbList","@id":"https:\/\/rtmplastic.com.br\/#breadcrumb","itemListElement":[{"@type":"ListItem","position":1,"name":"In\u00edcio","item":"https:\/\/rtmplastic.com.br\/"},{"@type":"ListItem","position":2,"name":"Home"}]},{"@type":"WebSite","@id":"https:\/\/rtmplastic.com.br\/#website","url":"https:\/\/rtmplastic.com.br\/","name":"RTM Plastic","description":"","publisher":{"@id":"https:\/\/rtmplastic.com.br\/#organization"},"potentialAction":[{"@type":"SearchAction","target":{"@type":"EntryPoint","urlTemplate":"https:\/\/rtmplastic.com.br\/?s={search_term_string}"},"query-input":{"@type":"PropertyValueSpecification","valueRequired":true,"valueName":"search_term_string"}}],"inLanguage":"pt-BR"},{"@type":"Organization","@id":"https:\/\/rtmplastic.com.br\/#organization","name":"RTM Plastic","url":"https:\/\/rtmplastic.com.br\/","logo":{"@type":"ImageObject","inLanguage":"pt-BR","@id":"https:\/\/rtmplastic.com.br\/#\/schema\/logo\/image\/","url":"https:\/\/rtmplastic.com.br\/wp-content\/uploads\/2024\/03\/cropped-LOGOS-7.png","contentUrl":"https:\/\/rtmplastic.com.br\/wp-content\/uploads\/2024\/03\/cropped-LOGOS-7.png","width":1080,"height":309,"caption":"RTM Plastic"},"image":{"@id":"https:\/\/rtmplastic.com.br\/#\/schema\/logo\/image\/"}}]}},"_links":{"self":[{"href":"https:\/\/rtmplastic.com.br\/index.php?rest_route=\/wp\/v2\/pages\/10","targetHints":{"allow":["GET"]}}],"collection":[{"href":"https:\/\/rtmplastic.com.br\/index.php?rest_route=\/wp\/v2\/pages"}],"about":[{"href":"https:\/\/rtmplastic.com.br\/index.php?rest_route=\/wp\/v2\/types\/page"}],"author":[{"embeddable":true,"href":"https:\/\/rtmplastic.com.br\/index.php?rest_route=\/wp\/v2\/users\/1"}],"replies":[{"embeddable":true,"href":"https:\/\/rtmplastic.com.br\/index.php?rest_route=%2Fwp%2Fv2%2Fcomments&post=10"}],"version-history":[{"count":410,"href":"https:\/\/rtmplastic.com.br\/index.php?rest_route=\/wp\/v2\/pages\/10\/revisions"}],"predecessor-version":[{"id":1044,"href":"https:\/\/rtmplastic.com.br\/index.php?rest_route=\/wp\/v2\/pages\/10\/revisions\/1044"}],"wp:attachment":[{"href":"https:\/\/rtmplastic.com.br\/index.php?rest_route=%2Fwp%2Fv2%2Fmedia&parent=10"}],"curies":[{"name":"wp","href":"https:\/\/api.w.org\/{rel}","templated":true}]}}