{"id":639,"date":"2024-03-19T08:53:52","date_gmt":"2024-03-19T11:53:52","guid":{"rendered":"https:\/\/rtmplastic.com.br\/?page_id=639"},"modified":"2024-04-01T12:39:26","modified_gmt":"2024-04-01T15:39:26","slug":"sobre-a-empresa","status":"publish","type":"page","link":"https:\/\/rtmplastic.com.br\/?page_id=639","title":{"rendered":"Sobre a empresa"},"content":{"rendered":"\t\t<div data-elementor-type=\"wp-page\" data-elementor-id=\"639\" class=\"elementor elementor-639\">\n\t\t\t\t<div class=\"elementor-element elementor-element-31c9452 e-flex e-con-boxed e-con e-parent\" data-id=\"31c9452\" data-element_type=\"container\" data-e-type=\"container\">\n\t\t\t\t\t<div class=\"e-con-inner\">\n\t\t\t\t<div class=\"elementor-element elementor-element-4a77813 elementor-widget elementor-widget-heading\" data-id=\"4a77813\" data-element_type=\"widget\" data-e-type=\"widget\" data-widget_type=\"heading.default\">\n\t\t\t\t<div class=\"elementor-widget-container\">\n\t\t\t\t\t<h2 class=\"elementor-heading-title elementor-size-default\">Empresa<\/h2>\t\t\t\t<\/div>\n\t\t\t\t<\/div>\n\t\t\t\t\t<\/div>\n\t\t\t\t<\/div>\n\t\t<div class=\"elementor-element elementor-element-0d533f0 e-flex e-con-boxed e-con e-parent\" data-id=\"0d533f0\" data-element_type=\"container\" data-e-type=\"container\">\n\t\t\t\t\t<div class=\"e-con-inner\">\n\t\t\t\t<div class=\"elementor-element elementor-element-f1cec06 elementor-arrows-position-inside elementor-pagination-position-outside elementor-widget elementor-widget-image-carousel\" data-id=\"f1cec06\" data-element_type=\"widget\" data-e-type=\"widget\" data-settings=\"{&quot;slides_to_show&quot;:&quot;1&quot;,&quot;navigation&quot;:&quot;both&quot;,&quot;autoplay&quot;:&quot;yes&quot;,&quot;pause_on_hover&quot;:&quot;yes&quot;,&quot;pause_on_interaction&quot;:&quot;yes&quot;,&quot;autoplay_speed&quot;:5000,&quot;infinite&quot;:&quot;yes&quot;,&quot;effect&quot;:&quot;slide&quot;,&quot;speed&quot;:500}\" data-widget_type=\"image-carousel.default\">\n\t\t\t\t<div class=\"elementor-widget-container\">\n\t\t\t\t\t\t\t<div class=\"elementor-image-carousel-wrapper swiper\" role=\"region\" aria-roledescription=\"carousel\" aria-label=\"Carrossel de imagens\" dir=\"ltr\">\n\t\t\t<div class=\"elementor-image-carousel swiper-wrapper\" aria-live=\"off\">\n\t\t\t\t\t\t\t\t<div class=\"swiper-slide\" role=\"group\" aria-roledescription=\"slide\" aria-label=\"1 de 3\"><figure class=\"swiper-slide-inner\"><img decoding=\"async\" class=\"swiper-slide-image\" src=\"https:\/\/rtmplastic.com.br\/wp-content\/uploads\/2024\/03\/IMG_3921-scaled-e1711643205754-1024x486.jpg\" alt=\"IMG_3921\" \/><\/figure><\/div><div class=\"swiper-slide\" role=\"group\" aria-roledescription=\"slide\" aria-label=\"2 de 3\"><figure class=\"swiper-slide-inner\"><img decoding=\"async\" class=\"swiper-slide-image\" src=\"https:\/\/rtmplastic.com.br\/wp-content\/uploads\/2024\/03\/IMG_3899-2-scaled-e1711643142340-1024x484.jpg\" alt=\"IMG_3899 (2)\" \/><\/figure><\/div><div class=\"swiper-slide\" role=\"group\" aria-roledescription=\"slide\" aria-label=\"3 de 3\"><figure class=\"swiper-slide-inner\"><img decoding=\"async\" class=\"swiper-slide-image\" src=\"https:\/\/rtmplastic.com.br\/wp-content\/uploads\/2024\/03\/Edit-8-1024x485.png\" alt=\"Edit\" \/><\/figure><\/div>\t\t\t<\/div>\n\t\t\t\t\t\t\t\t\t\t\t\t<div class=\"elementor-swiper-button elementor-swiper-button-prev\" role=\"button\" tabindex=\"0\">\n\t\t\t\t\t\t<svg aria-hidden=\"true\" class=\"e-font-icon-svg e-eicon-chevron-left\" viewBox=\"0 0 1000 1000\" xmlns=\"http:\/\/www.w3.org\/2000\/svg\"><path d=\"M646 125C629 125 613 133 604 142L308 442C296 454 292 471 292 487 292 504 296 521 308 533L604 854C617 867 629 875 646 875 663 875 679 871 692 858 704 846 713 829 713 812 713 796 708 779 692 767L438 487 692 225C700 217 708 204 708 187 708 171 704 154 692 142 675 129 663 125 646 125Z\"><\/path><\/svg>\t\t\t\t\t<\/div>\n\t\t\t\t\t<div class=\"elementor-swiper-button elementor-swiper-button-next\" role=\"button\" tabindex=\"0\">\n\t\t\t\t\t\t<svg aria-hidden=\"true\" class=\"e-font-icon-svg e-eicon-chevron-right\" viewBox=\"0 0 1000 1000\" xmlns=\"http:\/\/www.w3.org\/2000\/svg\"><path d=\"M696 533C708 521 713 504 713 487 713 471 708 454 696 446L400 146C388 133 375 125 354 125 338 125 325 129 313 142 300 154 292 171 292 187 292 204 296 221 308 233L563 492 304 771C292 783 288 800 288 817 288 833 296 850 308 863 321 871 338 875 354 875 371 875 388 867 400 854L696 533Z\"><\/path><\/svg>\t\t\t\t\t<\/div>\n\t\t\t\t\n\t\t\t\t\t\t\t\t\t<div class=\"swiper-pagination\"><\/div>\n\t\t\t\t\t\t\t\t\t<\/div>\n\t\t\t\t\t\t<\/div>\n\t\t\t\t<\/div>\n\t\t\t\t\t<\/div>\n\t\t\t\t<\/div>\n\t\t<div class=\"elementor-element elementor-element-c24838d e-flex e-con-boxed e-con e-parent\" data-id=\"c24838d\" data-element_type=\"container\" data-e-type=\"container\">\n\t\t\t\t\t<div class=\"e-con-inner\">\n\t\t\t\t<div class=\"elementor-element elementor-element-f21c77d elementor-widget elementor-widget-heading\" data-id=\"f21c77d\" data-element_type=\"widget\" data-e-type=\"widget\" data-widget_type=\"heading.default\">\n\t\t\t\t<div class=\"elementor-widget-container\">\n\t\t\t\t\t<h2 class=\"elementor-heading-title elementor-size-default\">Quem somos<\/h2>\t\t\t\t<\/div>\n\t\t\t\t<\/div>\n\t\t\t\t<div class=\"elementor-element elementor-element-fdde420 elementor-widget elementor-widget-text-editor\" data-id=\"fdde420\" data-element_type=\"widget\" data-e-type=\"widget\" data-widget_type=\"text-editor.default\">\n\t\t\t\t<div class=\"elementor-widget-container\">\n\t\t\t\t\t\t\t\t\t<p class=\"cvGsUA direction-ltr align-center para-style-body\">Nascida de uma assist\u00eancia autorizada de injetoras que atua h\u00e1 mais de 30 anos no mercado, a RTM especializou-se em inje\u00e7\u00e3o de termopl\u00e1sticos desde 2012, fortalecendo sua atua\u00e7\u00e3o com uma equipe altamente qualificada em processo de inje\u00e7\u00e3o, projeto e ferramentaria, que se dedica \u00e0 fabrica\u00e7\u00e3o de pe\u00e7as pl\u00e1sticas de qualidade.<\/p><p><!-- notionvc: 52df127f-ba22-400f-ae15-b22b42a015c0 --><\/p>\t\t\t\t\t\t\t\t<\/div>\n\t\t\t\t<\/div>\n\t\t\t\t<div class=\"elementor-element elementor-element-d68f1ca elementor-widget elementor-widget-heading\" data-id=\"d68f1ca\" data-element_type=\"widget\" data-e-type=\"widget\" data-widget_type=\"heading.default\">\n\t\t\t\t<div class=\"elementor-widget-container\">\n\t\t\t\t\t<h2 class=\"elementor-heading-title elementor-size-default\">O que produzimos<\/h2>\t\t\t\t<\/div>\n\t\t\t\t<\/div>\n\t\t\t\t<div class=\"elementor-element elementor-element-92ad734 elementor-widget elementor-widget-text-editor\" data-id=\"92ad734\" data-element_type=\"widget\" data-e-type=\"widget\" data-widget_type=\"text-editor.default\">\n\t\t\t\t<div class=\"elementor-widget-container\">\n\t\t\t\t\t\t\t\t\t<p>Utilizamos o processo de inje\u00e7\u00e3o para a fabrica\u00e7\u00e3o de pe\u00e7as pl\u00e1sticas no segmento de acess\u00f3rios para bolsas, mochilas, pochetes e outros.<\/p><p><!-- notionvc: 52df127f-ba22-400f-ae15-b22b42a015c0 --><\/p>\t\t\t\t\t\t\t\t<\/div>\n\t\t\t\t<\/div>\n\t\t\t\t<div class=\"elementor-element elementor-element-baa8a61 elementor-widget elementor-widget-heading\" data-id=\"baa8a61\" data-element_type=\"widget\" data-e-type=\"widget\" data-widget_type=\"heading.default\">\n\t\t\t\t<div class=\"elementor-widget-container\">\n\t\t\t\t\t<h2 class=\"elementor-heading-title elementor-size-default\">Objetivo<\/h2>\t\t\t\t<\/div>\n\t\t\t\t<\/div>\n\t\t\t\t<div class=\"elementor-element elementor-element-e5e3de9 elementor-widget elementor-widget-text-editor\" data-id=\"e5e3de9\" data-element_type=\"widget\" data-e-type=\"widget\" data-widget_type=\"text-editor.default\">\n\t\t\t\t<div class=\"elementor-widget-container\">\n\t\t\t\t\t\t\t\t\t<p>Nosso principal objetivo \u00e9 a melhoria cont\u00ednua, atrav\u00e9s da automatiza\u00e7\u00e3o e de equipamentos modernos para o desenvolvimento de novos produtos. Treinamento, aperfei\u00e7oamento e capacita\u00e7\u00e3o de nossos colaboradores quanto \u00e0 import\u00e2ncia do atendimento dos requisitos dos nossos clientes, buscando o equil\u00edbrio entre qualidade e custo-benef\u00edcio.<\/p><p><!-- notionvc: 52df127f-ba22-400f-ae15-b22b42a015c0 --><\/p>\t\t\t\t\t\t\t\t<\/div>\n\t\t\t\t<\/div>\n\t\t\t\t<div class=\"elementor-element elementor-element-62f4da1 elementor-widget elementor-widget-heading\" data-id=\"62f4da1\" data-element_type=\"widget\" data-e-type=\"widget\" data-widget_type=\"heading.default\">\n\t\t\t\t<div class=\"elementor-widget-container\">\n\t\t\t\t\t<h2 class=\"elementor-heading-title elementor-size-default\">Compromisso<\/h2>\t\t\t\t<\/div>\n\t\t\t\t<\/div>\n\t\t\t\t<div class=\"elementor-element elementor-element-03d7393 elementor-widget elementor-widget-text-editor\" data-id=\"03d7393\" data-element_type=\"widget\" data-e-type=\"widget\" data-widget_type=\"text-editor.default\">\n\t\t\t\t<div class=\"elementor-widget-container\">\n\t\t\t\t\t\t\t\t\t<div class=\"flex-1 overflow-hidden\"><div class=\"react-scroll-to-bottom--css-lfnam-79elbk h-full\"><div class=\"react-scroll-to-bottom--css-lfnam-1n7m0yu\"><div class=\"flex flex-col text-sm pb-9\"><div class=\"w-full text-token-text-primary\" data-testid=\"conversation-turn-15\"><div class=\"px-4 py-2 justify-center text-base md:gap-6 m-auto\"><div class=\"flex flex-1 text-base mx-auto gap-3 md:px-5 lg:px-1 xl:px-5 md:max-w-3xl lg:max-w-[40rem] xl:max-w-[48rem] group final-completion\"><div class=\"relative flex w-full flex-col agent-turn\"><div class=\"flex-col gap-1 md:gap-3\"><div class=\"flex flex-grow flex-col max-w-full\"><div class=\"min-h-[20px] text-message flex flex-col items-start gap-3 whitespace-pre-wrap break-words [.text-message+&amp;]:mt-5 overflow-x-auto\" data-message-author-role=\"assistant\" data-message-id=\"eb71843f-296a-4561-9f4f-5a03ee9c7ded\"><div class=\"markdown prose w-full break-words dark:prose-invert dark\"><p>Responsabilidade social, valorizando nossos colaboradores promovendo um ambiente de trabalho limpo e seguro. Sustentabilidade: Promover o desenvolvimento sustent\u00e1vel, protegendo o meio ambiente atrav\u00e9s da preven\u00e7\u00e3o, garantindo que todo res\u00edduo gerado seja descartado conforme a legisla\u00e7\u00e3o vigente.<\/p><\/div><\/div><\/div><\/div><\/div><\/div><\/div><\/div><\/div><\/div><\/div><\/div><p><!-- notionvc: 52df127f-ba22-400f-ae15-b22b42a015c0 --><\/p>\t\t\t\t\t\t\t\t<\/div>\n\t\t\t\t<\/div>\n\t\t\t\t<div class=\"elementor-element elementor-element-2659c85 elementor-align-left elementor-widget elementor-widget-button\" data-id=\"2659c85\" data-element_type=\"widget\" data-e-type=\"widget\" data-widget_type=\"button.default\">\n\t\t\t\t<div class=\"elementor-widget-container\">\n\t\t\t\t\t\t\t\t\t<div class=\"elementor-button-wrapper\">\n\t\t\t\t\t<a class=\"elementor-button elementor-button-link elementor-size-sm elementor-animation-grow\" href=\"https:\/\/wa.me\/11982097897\">\n\t\t\t\t\t\t<span class=\"elementor-button-content-wrapper\">\n\t\t\t\t\t\t<span class=\"elementor-button-icon\">\n\t\t\t\t<svg aria-hidden=\"true\" class=\"e-font-icon-svg e-fab-whatsapp\" viewBox=\"0 0 448 512\" xmlns=\"http:\/\/www.w3.org\/2000\/svg\"><path d=\"M380.9 97.1C339 55.1 283.2 32 223.9 32c-122.4 0-222 99.6-222 222 0 39.1 10.2 77.3 29.6 111L0 480l117.7-30.9c32.4 17.7 68.9 27 106.1 27h.1c122.3 0 224.1-99.6 224.1-222 0-59.3-25.2-115-67.1-157zm-157 341.6c-33.2 0-65.7-8.9-94-25.7l-6.7-4-69.8 18.3L72 359.2l-4.4-7c-18.5-29.4-28.2-63.3-28.2-98.2 0-101.7 82.8-184.5 184.6-184.5 49.3 0 95.6 19.2 130.4 54.1 34.8 34.9 56.2 81.2 56.1 130.5 0 101.8-84.9 184.6-186.6 184.6zm101.2-138.2c-5.5-2.8-32.8-16.2-37.9-18-5.1-1.9-8.8-2.8-12.5 2.8-3.7 5.6-14.3 18-17.6 21.8-3.2 3.7-6.5 4.2-12 1.4-32.6-16.3-54-29.1-75.5-66-5.7-9.8 5.7-9.1 16.3-30.3 1.8-3.7.9-6.9-.5-9.7-1.4-2.8-12.5-30.1-17.1-41.2-4.5-10.8-9.1-9.3-12.5-9.5-3.2-.2-6.9-.2-10.6-.2-3.7 0-9.7 1.4-14.8 6.9-5.1 5.6-19.4 19-19.4 46.3 0 27.3 19.9 53.7 22.6 57.4 2.8 3.7 39.1 59.7 94.8 83.8 35.2 15.2 49 16.5 66.6 13.9 10.7-1.6 32.8-13.4 37.4-26.4 4.6-13 4.6-24.1 3.2-26.4-1.3-2.5-5-3.9-10.5-6.6z\"><\/path><\/svg>\t\t\t<\/span>\n\t\t\t\t\t\t\t\t\t<span class=\"elementor-button-text\">Fale conosco<\/span>\n\t\t\t\t\t<\/span>\n\t\t\t\t\t<\/a>\n\t\t\t\t<\/div>\n\t\t\t\t\t\t\t\t<\/div>\n\t\t\t\t<\/div>\n\t\t\t\t\t<\/div>\n\t\t\t\t<\/div>\n\t\t\t\t<\/div>\n\t\t","protected":false},"excerpt":{"rendered":"<p>Empresa Quem somos Nascida de uma assist\u00eancia autorizada de injetoras que atua h\u00e1 mais de 30 anos no mercado, a RTM especializou-se em inje\u00e7\u00e3o de termopl\u00e1sticos desde 2012, fortalecendo sua atua\u00e7\u00e3o com uma equipe altamente qualificada em processo de inje\u00e7\u00e3o, projeto e ferramentaria, que se dedica \u00e0 fabrica\u00e7\u00e3o de pe\u00e7as pl\u00e1sticas de qualidade. O que [&hellip;]<\/p>\n","protected":false},"author":1,"featured_media":0,"parent":0,"menu_order":0,"comment_status":"closed","ping_status":"closed","template":"elementor_header_footer","meta":{"footnotes":""},"class_list":["post-639","page","type-page","status-publish","hentry"],"yoast_head":"<!-- This site is optimized with the Yoast SEO plugin v27.1.1 - https:\/\/yoast.com\/product\/yoast-seo-wordpress\/ -->\n<title>Sobre a empresa - RTM Plastic<\/title>\n<meta name=\"description\" content=\"Fornecedor l\u00edder de pe\u00e7as de pl\u00e1stico injetadas personalizadas para todas as necessidades. Pe\u00e7as de pl\u00e1stico para mochilas. Engate r\u00e1pido de pl\u00e1stico. Passador de pl\u00e1stico. Meia argola de pl\u00e1stico. Castelinho de pl\u00e1stico.\" \/>\n<meta name=\"robots\" content=\"index, follow, max-snippet:-1, max-image-preview:large, max-video-preview:-1\" \/>\n<link rel=\"canonical\" href=\"https:\/\/rtmplastic.com.br\/?page_id=639\" \/>\n<meta property=\"og:locale\" content=\"pt_BR\" \/>\n<meta property=\"og:type\" content=\"article\" \/>\n<meta property=\"og:title\" content=\"Sobre a empresa - RTM Plastic\" \/>\n<meta property=\"og:description\" content=\"Fornecedor l\u00edder de pe\u00e7as de pl\u00e1stico injetadas personalizadas para todas as necessidades. Pe\u00e7as de pl\u00e1stico para mochilas. Engate r\u00e1pido de pl\u00e1stico. Passador de pl\u00e1stico. Meia argola de pl\u00e1stico. Castelinho de pl\u00e1stico.\" \/>\n<meta property=\"og:url\" content=\"https:\/\/rtmplastic.com.br\/?page_id=639\" \/>\n<meta property=\"og:site_name\" content=\"RTM Plastic\" \/>\n<meta property=\"article:modified_time\" content=\"2024-04-01T15:39:26+00:00\" \/>\n<meta property=\"og:image\" content=\"https:\/\/rtmplastic.com.br\/wp-content\/uploads\/2024\/03\/IMG_3921-scaled-e1711643205754-1024x486.jpg\" \/>\n<meta name=\"twitter:card\" content=\"summary_large_image\" \/>\n<meta name=\"twitter:label1\" content=\"Est. tempo de leitura\" \/>\n\t<meta name=\"twitter:data1\" content=\"2 minutos\" \/>\n<script type=\"application\/ld+json\" class=\"yoast-schema-graph\">{\"@context\":\"https:\/\/schema.org\",\"@graph\":[{\"@type\":\"WebPage\",\"@id\":\"https:\/\/rtmplastic.com.br\/?page_id=639\",\"url\":\"https:\/\/rtmplastic.com.br\/?page_id=639\",\"name\":\"Sobre a empresa - RTM Plastic\",\"isPartOf\":{\"@id\":\"https:\/\/rtmplastic.com.br\/#website\"},\"primaryImageOfPage\":{\"@id\":\"https:\/\/rtmplastic.com.br\/?page_id=639#primaryimage\"},\"image\":{\"@id\":\"https:\/\/rtmplastic.com.br\/?page_id=639#primaryimage\"},\"thumbnailUrl\":\"https:\/\/rtmplastic.com.br\/wp-content\/uploads\/2024\/03\/IMG_3921-scaled-e1711643205754-1024x486.jpg\",\"datePublished\":\"2024-03-19T11:53:52+00:00\",\"dateModified\":\"2024-04-01T15:39:26+00:00\",\"description\":\"Fornecedor l\u00edder de pe\u00e7as de pl\u00e1stico injetadas personalizadas para todas as necessidades. Pe\u00e7as de pl\u00e1stico para mochilas. Engate r\u00e1pido de pl\u00e1stico. Passador de pl\u00e1stico. Meia argola de pl\u00e1stico. Castelinho de pl\u00e1stico.\",\"breadcrumb\":{\"@id\":\"https:\/\/rtmplastic.com.br\/?page_id=639#breadcrumb\"},\"inLanguage\":\"pt-BR\",\"potentialAction\":[{\"@type\":\"ReadAction\",\"target\":[\"https:\/\/rtmplastic.com.br\/?page_id=639\"]}]},{\"@type\":\"ImageObject\",\"inLanguage\":\"pt-BR\",\"@id\":\"https:\/\/rtmplastic.com.br\/?page_id=639#primaryimage\",\"url\":\"https:\/\/rtmplastic.com.br\/wp-content\/uploads\/2024\/03\/IMG_3921-scaled-e1711643205754.jpg\",\"contentUrl\":\"https:\/\/rtmplastic.com.br\/wp-content\/uploads\/2024\/03\/IMG_3921-scaled-e1711643205754.jpg\",\"width\":1312,\"height\":623},{\"@type\":\"BreadcrumbList\",\"@id\":\"https:\/\/rtmplastic.com.br\/?page_id=639#breadcrumb\",\"itemListElement\":[{\"@type\":\"ListItem\",\"position\":1,\"name\":\"In\u00edcio\",\"item\":\"https:\/\/rtmplastic.com.br\/\"},{\"@type\":\"ListItem\",\"position\":2,\"name\":\"Sobre a empresa\"}]},{\"@type\":\"WebSite\",\"@id\":\"https:\/\/rtmplastic.com.br\/#website\",\"url\":\"https:\/\/rtmplastic.com.br\/\",\"name\":\"RTM Plastic\",\"description\":\"\",\"publisher\":{\"@id\":\"https:\/\/rtmplastic.com.br\/#organization\"},\"potentialAction\":[{\"@type\":\"SearchAction\",\"target\":{\"@type\":\"EntryPoint\",\"urlTemplate\":\"https:\/\/rtmplastic.com.br\/?s={search_term_string}\"},\"query-input\":{\"@type\":\"PropertyValueSpecification\",\"valueRequired\":true,\"valueName\":\"search_term_string\"}}],\"inLanguage\":\"pt-BR\"},{\"@type\":\"Organization\",\"@id\":\"https:\/\/rtmplastic.com.br\/#organization\",\"name\":\"RTM Plastic\",\"url\":\"https:\/\/rtmplastic.com.br\/\",\"logo\":{\"@type\":\"ImageObject\",\"inLanguage\":\"pt-BR\",\"@id\":\"https:\/\/rtmplastic.com.br\/#\/schema\/logo\/image\/\",\"url\":\"https:\/\/rtmplastic.com.br\/wp-content\/uploads\/2024\/03\/cropped-LOGOS-7.png\",\"contentUrl\":\"https:\/\/rtmplastic.com.br\/wp-content\/uploads\/2024\/03\/cropped-LOGOS-7.png\",\"width\":1080,\"height\":309,\"caption\":\"RTM Plastic\"},\"image\":{\"@id\":\"https:\/\/rtmplastic.com.br\/#\/schema\/logo\/image\/\"}}]}<\/script>\n<!-- \/ Yoast SEO plugin. -->","yoast_head_json":{"title":"Sobre a empresa - RTM Plastic","description":"Fornecedor l\u00edder de pe\u00e7as de pl\u00e1stico injetadas personalizadas para todas as necessidades. Pe\u00e7as de pl\u00e1stico para mochilas. Engate r\u00e1pido de pl\u00e1stico. Passador de pl\u00e1stico. Meia argola de pl\u00e1stico. Castelinho de pl\u00e1stico.","robots":{"index":"index","follow":"follow","max-snippet":"max-snippet:-1","max-image-preview":"max-image-preview:large","max-video-preview":"max-video-preview:-1"},"canonical":"https:\/\/rtmplastic.com.br\/?page_id=639","og_locale":"pt_BR","og_type":"article","og_title":"Sobre a empresa - RTM Plastic","og_description":"Fornecedor l\u00edder de pe\u00e7as de pl\u00e1stico injetadas personalizadas para todas as necessidades. Pe\u00e7as de pl\u00e1stico para mochilas. Engate r\u00e1pido de pl\u00e1stico. Passador de pl\u00e1stico. Meia argola de pl\u00e1stico. Castelinho de pl\u00e1stico.","og_url":"https:\/\/rtmplastic.com.br\/?page_id=639","og_site_name":"RTM Plastic","article_modified_time":"2024-04-01T15:39:26+00:00","og_image":[{"url":"https:\/\/rtmplastic.com.br\/wp-content\/uploads\/2024\/03\/IMG_3921-scaled-e1711643205754-1024x486.jpg","type":"","width":"","height":""}],"twitter_card":"summary_large_image","twitter_misc":{"Est. tempo de leitura":"2 minutos"},"schema":{"@context":"https:\/\/schema.org","@graph":[{"@type":"WebPage","@id":"https:\/\/rtmplastic.com.br\/?page_id=639","url":"https:\/\/rtmplastic.com.br\/?page_id=639","name":"Sobre a empresa - RTM Plastic","isPartOf":{"@id":"https:\/\/rtmplastic.com.br\/#website"},"primaryImageOfPage":{"@id":"https:\/\/rtmplastic.com.br\/?page_id=639#primaryimage"},"image":{"@id":"https:\/\/rtmplastic.com.br\/?page_id=639#primaryimage"},"thumbnailUrl":"https:\/\/rtmplastic.com.br\/wp-content\/uploads\/2024\/03\/IMG_3921-scaled-e1711643205754-1024x486.jpg","datePublished":"2024-03-19T11:53:52+00:00","dateModified":"2024-04-01T15:39:26+00:00","description":"Fornecedor l\u00edder de pe\u00e7as de pl\u00e1stico injetadas personalizadas para todas as necessidades. Pe\u00e7as de pl\u00e1stico para mochilas. Engate r\u00e1pido de pl\u00e1stico. Passador de pl\u00e1stico. Meia argola de pl\u00e1stico. Castelinho de pl\u00e1stico.","breadcrumb":{"@id":"https:\/\/rtmplastic.com.br\/?page_id=639#breadcrumb"},"inLanguage":"pt-BR","potentialAction":[{"@type":"ReadAction","target":["https:\/\/rtmplastic.com.br\/?page_id=639"]}]},{"@type":"ImageObject","inLanguage":"pt-BR","@id":"https:\/\/rtmplastic.com.br\/?page_id=639#primaryimage","url":"https:\/\/rtmplastic.com.br\/wp-content\/uploads\/2024\/03\/IMG_3921-scaled-e1711643205754.jpg","contentUrl":"https:\/\/rtmplastic.com.br\/wp-content\/uploads\/2024\/03\/IMG_3921-scaled-e1711643205754.jpg","width":1312,"height":623},{"@type":"BreadcrumbList","@id":"https:\/\/rtmplastic.com.br\/?page_id=639#breadcrumb","itemListElement":[{"@type":"ListItem","position":1,"name":"In\u00edcio","item":"https:\/\/rtmplastic.com.br\/"},{"@type":"ListItem","position":2,"name":"Sobre a empresa"}]},{"@type":"WebSite","@id":"https:\/\/rtmplastic.com.br\/#website","url":"https:\/\/rtmplastic.com.br\/","name":"RTM Plastic","description":"","publisher":{"@id":"https:\/\/rtmplastic.com.br\/#organization"},"potentialAction":[{"@type":"SearchAction","target":{"@type":"EntryPoint","urlTemplate":"https:\/\/rtmplastic.com.br\/?s={search_term_string}"},"query-input":{"@type":"PropertyValueSpecification","valueRequired":true,"valueName":"search_term_string"}}],"inLanguage":"pt-BR"},{"@type":"Organization","@id":"https:\/\/rtmplastic.com.br\/#organization","name":"RTM Plastic","url":"https:\/\/rtmplastic.com.br\/","logo":{"@type":"ImageObject","inLanguage":"pt-BR","@id":"https:\/\/rtmplastic.com.br\/#\/schema\/logo\/image\/","url":"https:\/\/rtmplastic.com.br\/wp-content\/uploads\/2024\/03\/cropped-LOGOS-7.png","contentUrl":"https:\/\/rtmplastic.com.br\/wp-content\/uploads\/2024\/03\/cropped-LOGOS-7.png","width":1080,"height":309,"caption":"RTM Plastic"},"image":{"@id":"https:\/\/rtmplastic.com.br\/#\/schema\/logo\/image\/"}}]}},"_links":{"self":[{"href":"https:\/\/rtmplastic.com.br\/index.php?rest_route=\/wp\/v2\/pages\/639","targetHints":{"allow":["GET"]}}],"collection":[{"href":"https:\/\/rtmplastic.com.br\/index.php?rest_route=\/wp\/v2\/pages"}],"about":[{"href":"https:\/\/rtmplastic.com.br\/index.php?rest_route=\/wp\/v2\/types\/page"}],"author":[{"embeddable":true,"href":"https:\/\/rtmplastic.com.br\/index.php?rest_route=\/wp\/v2\/users\/1"}],"replies":[{"embeddable":true,"href":"https:\/\/rtmplastic.com.br\/index.php?rest_route=%2Fwp%2Fv2%2Fcomments&post=639"}],"version-history":[{"count":49,"href":"https:\/\/rtmplastic.com.br\/index.php?rest_route=\/wp\/v2\/pages\/639\/revisions"}],"predecessor-version":[{"id":1013,"href":"https:\/\/rtmplastic.com.br\/index.php?rest_route=\/wp\/v2\/pages\/639\/revisions\/1013"}],"wp:attachment":[{"href":"https:\/\/rtmplastic.com.br\/index.php?rest_route=%2Fwp%2Fv2%2Fmedia&parent=639"}],"curies":[{"name":"wp","href":"https:\/\/api.w.org\/{rel}","templated":true}]}}